{"id":2000,"date":"2019-12-02T13:40:08","date_gmt":"2019-12-02T13:40:08","guid":{"rendered":"http:\/\/revlisehitus.devscaper.com\/?page_id=2000"},"modified":"2020-02-06T21:49:47","modified_gmt":"2020-02-06T19:49:47","slug":"home","status":"publish","type":"page","link":"http:\/\/revlisehitus.ee\/","title":{"rendered":"Businesscard version"},"content":{"rendered":"<p>[vc_row full_width=&#8221;stretch_row&#8221; full_height=&#8221;yes&#8221; content_placement=&#8221;middle&#8221; css=&#8221;.vc_custom_1581018583032{background-image: url(http:\/\/revlisehitus.ee\/wp-content\/uploads\/2019\/12\/bg-blurred.jpg?id=2064) !important;background-position: center !important;background-repeat: no-repeat !important;background-size: cover !important;}&#8221;][vc_column width=&#8221;7\/12&#8243;][\/vc_column][vc_column width=&#8221;5\/12&#8243;]<div style=\"background-color:;height: 125px\" class=\"nicdark_section  \"><\/div>\n    <div style=\"text-align:left\" class=\"nd_options_section\">\n      <img decoding=\"async\" alt=\"\" style=\"width:100%\" class=\"mobile-logo nd_options_margin_0 nd_options_padding_0 \" src=\"http:\/\/revlisehitus.ee\/wp-content\/uploads\/2019\/12\/logo.png\">\n    <\/div>\n   <div style=\"background-color:;height: 50px\" class=\"nicdark_section  \"><\/div> <p style=\"color:#ffffff;padding:px;text-align:;font-size:20px;line-height:px;letter-spacing: 2px;font-weight:normal\" class=\"   nd_options_first_font \">Revlis Ehitus O\u00dc on 2008. aastal asutatud ettev\u00f5te, mille p\u00f5hitegevus on \u00fcldehitus ja kinnisvara korrashoid.<\/p> <div style=\"background-color:;height: 50px\" class=\"nicdark_section  \"><\/div>[vc_row_inner][vc_column_inner width=&#8221;1\/6&#8243; offset=&#8221;vc_col-xs-2&#8243;]\n    <div style=\"text-align:\" class=\"nd_options_section\">\n      <img decoding=\"async\" alt=\"\" style=\"width:40px\" class=\" nd_options_margin_0 nd_options_padding_0 \" src=\"http:\/\/revlisehitus.ee\/wp-content\/uploads\/2019\/12\/phone.png\">\n    <\/div>\n   [\/vc_column_inner][vc_column_inner width=&#8221;5\/6&#8243; css=&#8221;.vc_custom_1576264436343{padding-top: 8px !important;}&#8221; offset=&#8221;vc_col-xs-10&#8243;] <p style=\"color:#ffffff;padding:px;text-align:;font-size:16px;line-height:px;letter-spacing: 2px;font-weight:normal\" class=\"   nd_options_first_font \">(+372) 58 202 073 \/ (+372) 53 730 878<\/p> [\/vc_column_inner][\/vc_row_inner]<div style=\"background-color:;height: 25px\" class=\"nicdark_section  \"><\/div>[vc_row_inner][vc_column_inner width=&#8221;1\/6&#8243; offset=&#8221;vc_col-xs-2&#8243;]\n    <div style=\"text-align:\" class=\"nd_options_section\">\n      <img decoding=\"async\" alt=\"\" style=\"width:40px\" class=\" nd_options_margin_0 nd_options_padding_0 \" src=\"http:\/\/revlisehitus.ee\/wp-content\/uploads\/2019\/12\/mail.png\">\n    <\/div>\n   [\/vc_column_inner][vc_column_inner width=&#8221;5\/6&#8243; css=&#8221;.vc_custom_1576264547135{padding-top: 8px !important;}&#8221; offset=&#8221;vc_col-xs-10&#8243;] <p style=\"color:#ffffff;padding:px;text-align:;font-size:16px;line-height:px;letter-spacing: 2px;font-weight:normal\" class=\"   nd_options_first_font \">info@revlisehitus.ee<\/p> [\/vc_column_inner][\/vc_row_inner]<div style=\"background-color:;height: 25px\" class=\"nicdark_section  \"><\/div>[vc_row_inner][vc_column_inner width=&#8221;1\/6&#8243; offset=&#8221;vc_col-xs-2&#8243;]\n    <div style=\"text-align:\" class=\"nd_options_section\">\n      <img decoding=\"async\" alt=\"\" style=\"width:40px\" class=\" nd_options_margin_0 nd_options_padding_0 \" src=\"http:\/\/revlisehitus.ee\/wp-content\/uploads\/2019\/12\/pin.png\">\n    <\/div>\n   [\/vc_column_inner][vc_column_inner width=&#8221;5\/6&#8243; css=&#8221;.vc_custom_1576264594576{padding-top: 8px !important;}&#8221; offset=&#8221;vc_col-xs-10&#8243;] <p style=\"color:#ffffff;padding:px;text-align:;font-size:16px;line-height:px;letter-spacing: 2px;font-weight:normal\" class=\"   nd_options_first_font \">Postiaadress: Kivikangru 7 Saue 76506<\/p> [\/vc_column_inner][\/vc_row_inner]<div style=\"background-color:;height: 25px\" class=\"nicdark_section  \"><\/div>[vc_row_inner][vc_column_inner width=&#8221;1\/6&#8243; offset=&#8221;vc_col-xs-2&#8243;]\n    <div style=\"text-align:\" class=\"nd_options_section\">\n      <img decoding=\"async\" alt=\"\" style=\"width:40px\" class=\" nd_options_margin_0 nd_options_padding_0 \" src=\"http:\/\/revlisehitus.ee\/wp-content\/uploads\/2019\/12\/point.png\">\n    <\/div>\n   [\/vc_column_inner][vc_column_inner width=&#8221;5\/6&#8243; css=&#8221;.vc_custom_1576264710874{padding-top: 8px !important;}&#8221; offset=&#8221;vc_col-xs-10&#8243;] <p style=\"color:#ffffff;padding:px;text-align:;font-size:16px;line-height:px;letter-spacing: 2px;font-weight:normal\" class=\"   nd_options_first_font \">Reg.kood: 11473753<\/p> [\/vc_column_inner][\/vc_row_inner]<div style=\"background-color:;height: 25px\" class=\"nicdark_section  \"><\/div>[vc_row_inner][vc_column_inner width=&#8221;1\/6&#8243; offset=&#8221;vc_col-xs-2&#8243;]\n    <div style=\"text-align:\" class=\"nd_options_section\">\n      <img decoding=\"async\" alt=\"\" style=\"width:40px\" class=\" nd_options_margin_0 nd_options_padding_0 \" src=\"http:\/\/revlisehitus.ee\/wp-content\/uploads\/2019\/12\/point.png\">\n    <\/div>\n   [\/vc_column_inner][vc_column_inner width=&#8221;5\/6&#8243; css=&#8221;.vc_custom_1576264619664{padding-top: 8px !important;}&#8221; offset=&#8221;vc_col-xs-10&#8243;] <p style=\"color:#ffffff;padding:px;text-align:;font-size:16px;line-height:px;letter-spacing: 2px;font-weight:normal\" class=\"   nd_options_first_font \">IBAN nr: EE872200221040164633<\/p> [\/vc_column_inner][\/vc_row_inner]<div style=\"background-color:;height: 75px\" class=\"nicdark_section  \"><\/div>[\/vc_column][\/vc_row]<\/p>\n","protected":false},"excerpt":{"rendered":"<p>[vc_row full_width=&#8221;stretch_row&#8221; full_height=&#8221;yes&#8221; content_placement=&#8221;middle&#8221; css=&#8221;.vc_custom_1581018583032{background-image: url(http:\/\/revlisehitus.ee\/wp-content\/uploads\/2019\/12\/bg-blurred.jpg?id=2064) !important;background-position: center !important;background-repeat: no-repeat !important;background-size: cover !important;}&#8221;][vc_column width=&#8221;7\/12&#8243;][\/vc_column][vc_column width=&#8221;5\/12&#8243;][vc_row_inner][vc_column_inner width=&#8221;1\/6&#8243; offset=&#8221;vc_col-xs-2&#8243;][\/vc_column_inner][vc_column_inner width=&#8221;5\/6&#8243; css=&#8221;.vc_custom_1576264436343{padding-top: 8px !important;}&#8221; offset=&#8221;vc_col-xs-10&#8243;][\/vc_column_inner][\/vc_row_inner][vc_row_inner][vc_column_inner width=&#8221;1\/6&#8243; offset=&#8221;vc_col-xs-2&#8243;][\/vc_column_inner][vc_column_inner width=&#8221;5\/6&#8243; css=&#8221;.vc_custom_1576264547135{padding-top: 8px !important;}&#8221; offset=&#8221;vc_col-xs-10&#8243;][\/vc_column_inner][\/vc_row_inner][vc_row_inner][vc_column_inner width=&#8221;1\/6&#8243; offset=&#8221;vc_col-xs-2&#8243;][\/vc_column_inner][vc_column_inner width=&#8221;5\/6&#8243; css=&#8221;.vc_custom_1576264594576{padding-top: 8px !important;}&#8221; offset=&#8221;vc_col-xs-10&#8243;][\/vc_column_inner][\/vc_row_inner][vc_row_inner][vc_column_inner width=&#8221;1\/6&#8243; offset=&#8221;vc_col-xs-2&#8243;][\/vc_column_inner][vc_column_inner width=&#8221;5\/6&#8243; css=&#8221;.vc_custom_1576264710874{padding-top: 8px !important;}&#8221; offset=&#8221;vc_col-xs-10&#8243;][\/vc_column_inner][\/vc_row_inner][vc_row_inner][vc_column_inner width=&#8221;1\/6&#8243; offset=&#8221;vc_col-xs-2&#8243;][\/vc_column_inner][vc_column_inner width=&#8221;5\/6&#8243; css=&#8221;.vc_custom_1576264619664{padding-top: 8px !important;}&#8221; offset=&#8221;vc_col-xs-10&#8243;][\/vc_column_inner][\/vc_row_inner][\/vc_column][\/vc_row]<\/p>\n","protected":false},"author":1,"featured_media":0,"parent":0,"menu_order":0,"comment_status":"closed","ping_status":"closed","template":"","meta":{"footnotes":""},"class_list":["post-2000","page","type-page","status-publish","hentry"],"_links":{"self":[{"href":"http:\/\/revlisehitus.ee\/index.php?rest_route=\/wp\/v2\/pages\/2000","targetHints":{"allow":["GET"]}}],"collection":[{"href":"http:\/\/revlisehitus.ee\/index.php?rest_route=\/wp\/v2\/pages"}],"about":[{"href":"http:\/\/revlisehitus.ee\/index.php?rest_route=\/wp\/v2\/types\/page"}],"author":[{"embeddable":true,"href":"http:\/\/revlisehitus.ee\/index.php?rest_route=\/wp\/v2\/users\/1"}],"replies":[{"embeddable":true,"href":"http:\/\/revlisehitus.ee\/index.php?rest_route=%2Fwp%2Fv2%2Fcomments&post=2000"}],"version-history":[{"count":1,"href":"http:\/\/revlisehitus.ee\/index.php?rest_route=\/wp\/v2\/pages\/2000\/revisions"}],"predecessor-version":[{"id":2104,"href":"http:\/\/revlisehitus.ee\/index.php?rest_route=\/wp\/v2\/pages\/2000\/revisions\/2104"}],"wp:attachment":[{"href":"http:\/\/revlisehitus.ee\/index.php?rest_route=%2Fwp%2Fv2%2Fmedia&parent=2000"}],"curies":[{"name":"wp","href":"https:\/\/api.w.org\/{rel}","templated":true}]}}